{"id":3644,"date":"2022-12-13T04:39:58","date_gmt":"2022-12-13T04:39:58","guid":{"rendered":"http:\/\/mycours.es\/digitalmedia\/?page_id=3644"},"modified":"2025-03-24T13:20:47","modified_gmt":"2025-03-24T13:20:47","slug":"assignment-virtual-sculpture","status":"publish","type":"page","link":"https:\/\/mycours.es\/digitalmedia\/assignment-virtual-sculpture\/","title":{"rendered":"Assignment: Virtual Sculpture Warmup Exercise"},"content":{"rendered":"<h2><img loading=\"lazy\" decoding=\"async\" class=\"aligncenter size-large wp-image-3468\" style=\"font-size: 16px; font-weight: 400;\" src=\"http:\/\/mycours.es\/digitalmedia\/files\/2022\/09\/uBJdjTOrmfMgxkSIoNXgeIX5mhr5LD6E-1024x576.jpg\" alt=\"\" width=\"840\" height=\"473\" srcset=\"https:\/\/mycours.es\/digitalmedia\/files\/2022\/09\/uBJdjTOrmfMgxkSIoNXgeIX5mhr5LD6E-1024x576.jpg 1024w, https:\/\/mycours.es\/digitalmedia\/files\/2022\/09\/uBJdjTOrmfMgxkSIoNXgeIX5mhr5LD6E-800x450.jpg 800w, https:\/\/mycours.es\/digitalmedia\/files\/2022\/09\/uBJdjTOrmfMgxkSIoNXgeIX5mhr5LD6E-768x432.jpg 768w, https:\/\/mycours.es\/digitalmedia\/files\/2022\/09\/uBJdjTOrmfMgxkSIoNXgeIX5mhr5LD6E-1536x864.jpg 1536w, https:\/\/mycours.es\/digitalmedia\/files\/2022\/09\/uBJdjTOrmfMgxkSIoNXgeIX5mhr5LD6E-1200x675.jpg 1200w, https:\/\/mycours.es\/digitalmedia\/files\/2022\/09\/uBJdjTOrmfMgxkSIoNXgeIX5mhr5LD6E.jpg 1920w\" sizes=\"auto, (max-width: 709px) 85vw, (max-width: 909px) 67vw, (max-width: 1362px) 62vw, 840px\" \/><\/h2>\n<p>Thing made of things<br \/>\nArtfully arrange a given selection of assets from the game <a href=\"https:\/\/www.youtube.com\/watch?v=HdJk8ROpuEo\">Everything<\/a>. Use these objects as building blocks to create an object that in the process renders the original objects secondary (but not necessarily unimportant).<br \/>\nIt doesn&#8217;t have to be realistic nor to follow the law of physics! Play with scale and forms, it can be surreal and impossible.<br \/>\nYou can use models found online but there are many things to consider, <a href=\"https:\/\/www.youtube.com\/watch?v=PQ-B5d82_LY\">watch this video first.<\/a><\/p>\n<h2>Requirements<\/h2>\n<p>Change background and ground color by changing the materials<br \/>\nStay within the round area in the scene<\/p>\n<h2>Deliverable<\/h2>\n<p>The delivery format is 1 to 3 still images showing no interface elements.<br \/>\nThe screenshot must be taken from Unity&#8217;s <strong>play mode<\/strong> through script provided.<br \/>\nHit play &gt; Move camera with WASD + QE + right mouse to orbit.<br \/>\nBy default screenshots are taken with the <strong>space key<br \/>\n<\/strong>Screenshots will appear in the assets folder under &#8220;screenshots&#8221;.<br \/>\nThe first time you may have to right click on the assets panel and hit refresh.<\/p>\n<p>You can also take a video with the camera rotating around the sculpture.<br \/>\n<span style=\"font-weight: 400;\">To record HD videos <a href=\"https:\/\/www.youtube.com\/watch?v=VqW-Fg5VafQ&amp;ab_channel=ThinkCitric\">follow this tutorial<\/a><\/span><span style=\"font-weight: 400;\"><br \/>\n<\/span><span style=\"font-weight: 400;\">The recordings end up in the project folder, the same where the assets folder is. NOT in assets.<\/span><\/p>\n<p>Post them along with a title.<\/p>\n<h2>Grading Criteria<\/h2>\n<p>You made a new thing out of things<br \/>\nThere is attention to form, color, silhouettes<br \/>\nThe objects form new visual and symbolic relationships<br \/>\nThe elements form a cohesive unit, it looks like a sculpture or an art installation, you didn&#8217;t make a diorama<\/p>\n<h2>Template<\/h2>\n<p><span style=\"font-size: 18pt;\"><a href=\"https:\/\/drive.google.com\/file\/d\/1QHjAihQ3RkOAMt6Q4USIKy1cs5cpqOfb\/view\"><strong>Download this package<\/strong><\/a> (virtual sculpture, assets from Everything)<br \/>\n<\/span><br \/>\nOpen Unity Hub<br \/>\nNew project<br \/>\nSelect 3D core<br \/>\nGive it a name that makes sense like Virtual Sculpture<br \/>\nSelect a location that makes sense like your external hard drive or the local document folder<br \/>\nConfirm, it will take a few minutes<br \/>\nDouble click on the package with Unity open, import everything.<br \/>\nOpen the scene Sculpture and save it as something else like SculpturePaolo<\/p>\n<h2>Tutorial<\/h2>\n<p>Watch this introduction to Unity as assignment for next time:<\/p>\n<p><iframe loading=\"lazy\" title=\"Unity: overview\" width=\"840\" height=\"473\" src=\"https:\/\/www.youtube.com\/embed\/wRMHHnQwxks?feature=oembed\" frameborder=\"0\" allow=\"accelerometer; autoplay; clipboard-write; encrypted-media; gyroscope; picture-in-picture; web-share\" referrerpolicy=\"strict-origin-when-cross-origin\" allowfullscreen><\/iframe><\/p>\n<h2><\/h2>\n<h2><strong>Still life<\/strong><\/h2>\n<p>For the purpose of this assignment let&#8217;s call &#8220;still life&#8221; any image that involves an artful arrangement of ordinary objects.<br \/>\nAs usual look for references and inspirations outside of the digital realm.<\/p>\n<figure id=\"attachment_415\" class=\"wp-caption aligncenter\"><img loading=\"lazy\" decoding=\"async\" class=\"size-large wp-image-415\" src=\"http:\/\/mycours.es\/gamedesign2016\/files\/2016\/09\/Canestra_di_frutta_Caravaggio-1024x810.jpg\" alt=\"Caravaggio - Basket of fruits 1599\" width=\"840\" height=\"664\" \/><figcaption class=\"wp-caption-text\">Caravaggio \u2013 Basket of fruits 1599<\/figcaption><\/figure>\n<p>&nbsp;<\/p>\n<figure id=\"attachment_416\" class=\"wp-caption aligncenter\"><img loading=\"lazy\" decoding=\"async\" class=\"size-large wp-image-416\" src=\"http:\/\/mycours.es\/gamedesign2016\/files\/2016\/09\/Allegory-of-Charles-I-of-England-and-Henrietta-of-France-in-a-Vanitas-Still-Life-by-Carstian-Luyckx-1623%E2%80%93after-1657-844x1024.jpg\" alt=\"Allegory of Charles I of England and Henriette of France - Carstian Luyckx - 17th century\" width=\"840\" height=\"1019\" \/><figcaption class=\"wp-caption-text\">Allegory of Charles I of England and Henriette of France \u2013 Carstian Luyckx \u2013 17th century<\/figcaption><\/figure>\n<figure id=\"attachment_418\" class=\"wp-caption aligncenter\"><img loading=\"lazy\" decoding=\"async\" class=\"size-large wp-image-418\" src=\"http:\/\/mycours.es\/gamedesign2016\/files\/2016\/09\/Vanitas-Still-Life-with-Self-Portrait-Pieter-Claesz-1628-1024x623.jpg\" alt=\"Vanitas still-life with self-portrait. Pieter Claesz 1628\" width=\"840\" height=\"511\" \/><figcaption class=\"wp-caption-text\">Vanitas still-life with self-portrait. Pieter Claesz 1628<\/figcaption><\/figure>\n<figure id=\"attachment_417\" class=\"wp-caption aligncenter\"><img loading=\"lazy\" decoding=\"async\" class=\"size-large wp-image-417\" src=\"http:\/\/mycours.es\/gamedesign2016\/files\/2016\/09\/Herman-Henstenburgh-1700-849x1024.jpeg\" alt=\"Flowers in a Glass Vase with a Butterfly, Herman Henstenburgh, c. 1700\" width=\"840\" height=\"1013\" \/><figcaption class=\"wp-caption-text\">Flowers in a Glass Vase with a Butterfly, Herman Henstenburgh, c. 1700<\/figcaption><\/figure>\n<figure id=\"attachment_419\" class=\"wp-caption aligncenter\"><img loading=\"lazy\" decoding=\"async\" class=\"size-large wp-image-419\" src=\"http:\/\/mycours.es\/gamedesign2016\/files\/2016\/09\/Salvador-Dali-Nature-Morte-Vivante-1956-1024x806.jpg\" alt=\"Salvador Dali - Nature Morte Vivante 1956\" width=\"840\" height=\"661\" \/><figcaption class=\"wp-caption-text\">Salvador Dali \u2013 Nature Morte Vivante 1956<\/figcaption><\/figure>\n<figure id=\"attachment_420\" class=\"wp-caption aligncenter\"><img loading=\"lazy\" decoding=\"async\" class=\"size-large wp-image-420\" src=\"http:\/\/mycours.es\/gamedesign2016\/files\/2016\/09\/Roy-Lichtenstein-Still-Life-with-Goldfish-1972-825x1024.jpg\" alt=\"Roy Lichtenstein, Still Life with Goldfish, 1972\" width=\"825\" height=\"1024\" \/><figcaption class=\"wp-caption-text\">Roy Lichtenstein, Still Life with Goldfish, 1972<\/figcaption><\/figure>\n<figure id=\"attachment_421\" class=\"wp-caption aligncenter\"><img loading=\"lazy\" decoding=\"async\" class=\"size-large wp-image-421\" src=\"http:\/\/mycours.es\/gamedesign2016\/files\/2016\/09\/Giorgio-morandi-Still-Life-1955-1024x743.jpg\" alt=\"Giorgio morandi Still Life - 1955\" width=\"840\" height=\"609\" \/><figcaption class=\"wp-caption-text\">Giorgio morandi Still Life \u2013 1955<\/figcaption><\/figure>\n<figure id=\"attachment_422\" class=\"wp-caption aligncenter\"><img loading=\"lazy\" decoding=\"async\" class=\"size-large wp-image-422\" src=\"http:\/\/mycours.es\/gamedesign2016\/files\/2016\/09\/Barbara-Kasten-Metaphase-5-1986-793x1024.jpg\" alt=\"Barbara Kasten Metaphase 5, 1986\" width=\"793\" height=\"1024\" \/><figcaption class=\"wp-caption-text\">Barbara Kasten Metaphase 5, 1986<\/figcaption><\/figure>\n<figure id=\"attachment_423\" class=\"wp-caption aligncenter\"><img loading=\"lazy\" decoding=\"async\" class=\"size-large wp-image-423\" src=\"http:\/\/mycours.es\/gamedesign2016\/files\/2016\/09\/barbara_kasten-Construct-32-1986-790x1024.jpg\" alt=\"barbara_kasten - Construct 32, 1986\" width=\"790\" height=\"1024\" \/><figcaption class=\"wp-caption-text\">barbara_kasten \u2013 Construct 32, 1986<\/figcaption><\/figure>\n<figure id=\"attachment_426\" class=\"wp-caption aligncenter\"><img loading=\"lazy\" decoding=\"async\" class=\"size-large wp-image-426\" src=\"http:\/\/mycours.es\/gamedesign2016\/files\/2016\/09\/Sophie-Calles-The-Chromatic-Diet-1998-based-on-a-novel-character-based-on-her-873x1024.jpg\" alt=\"Sophie Calle's 'The Chromatic Diet', 1998 - based on a novel character based on her\" width=\"840\" height=\"985\" \/><figcaption class=\"wp-caption-text\">Sophie Calle\u2019s \u2018The Chromatic Diet\u2019, 1998 \u2013 based on a novel character based on her<\/figcaption><\/figure>\n<figure id=\"attachment_437\" class=\"wp-caption aligncenter\"><img loading=\"lazy\" decoding=\"async\" class=\"size-large wp-image-437\" src=\"http:\/\/mycours.es\/gamedesign2016\/files\/2016\/09\/David-Lachapelle-earth-laughs-in-flowers-768x1024.jpg\" alt=\"David Lachapelle - earth laughs in flowers\" width=\"768\" height=\"1024\" \/><figcaption class=\"wp-caption-text\">David Lachapelle \u2013 earth laughs in flowers \u2013 America<\/figcaption><\/figure>\n<figure id=\"attachment_438\" class=\"wp-caption aligncenter\"><img loading=\"lazy\" decoding=\"async\" class=\"size-large wp-image-438\" src=\"http:\/\/mycours.es\/gamedesign2016\/files\/2016\/09\/David-lachapelle-flower_springtime-782x1024.jpg\" alt=\"David Lachapelle - earth laughs in flowers\" width=\"782\" height=\"1024\" \/><figcaption class=\"wp-caption-text\">David Lachapelle \u2013 earth laughs in flowers \u2013 springtime<\/figcaption><\/figure>\n<figure id=\"attachment_424\" class=\"wp-caption aligncenter\"><img loading=\"lazy\" decoding=\"async\" class=\"size-full wp-image-424\" src=\"http:\/\/mycours.es\/gamedesign2016\/files\/2016\/09\/Tara-sellios-Impulses-2015-2.jpg\" alt=\"Tara sellios - Impulses 2015\" width=\"960\" height=\"414\" \/><figcaption class=\"wp-caption-text\">Tara sellios \u2013 Impulses 2015<\/figcaption><\/figure>\n<figure id=\"attachment_425\" class=\"wp-caption aligncenter\"><img loading=\"lazy\" decoding=\"async\" class=\"size-full wp-image-425\" src=\"http:\/\/mycours.es\/gamedesign2016\/files\/2016\/09\/tara-sellios-3.jpg\" alt=\"Tara sellios - Impulses 2015\" width=\"800\" height=\"1000\" \/><figcaption class=\"wp-caption-text\">Tara sellios \u2013 Impulses 2015<\/figcaption><\/figure>\n<figure id=\"attachment_428\" class=\"wp-caption aligncenter\"><img loading=\"lazy\" decoding=\"async\" class=\"size-large wp-image-428\" src=\"http:\/\/mycours.es\/gamedesign2016\/files\/2016\/09\/Saara-Ekstro%CC%88m-838x1024.jpg\" alt=\"Saara Ekstr\u00f6m: Method of a Cloak, 2014\" width=\"838\" height=\"1024\" \/><figcaption class=\"wp-caption-text\">Saara Ekstr\u00f6m: Method of a Cloak, 2014<\/figcaption><\/figure>\n<figure id=\"attachment_429\" class=\"wp-caption aligncenter\"><img loading=\"lazy\" decoding=\"async\" class=\"size-large wp-image-429\" src=\"http:\/\/mycours.es\/gamedesign2016\/files\/2016\/09\/Marc-Quinn-Landslide-in-the-South-Tyrol-2009-1024x673.jpg\" alt=\"Marc Quinn Landslide in the South Tyrol (oil on canvas) 2009\" width=\"840\" height=\"552\" \/><figcaption class=\"wp-caption-text\">Marc Quinn Landslide in the South Tyrol (oil on canvas) 2009<\/figcaption><\/figure>\n<figure id=\"attachment_430\" class=\"wp-caption aligncenter\"><img loading=\"lazy\" decoding=\"async\" class=\"size-large wp-image-430\" src=\"http:\/\/mycours.es\/gamedesign2016\/files\/2016\/09\/Ori-Gersht-1024x576.jpg\" alt=\"Time After Time: Blow Up - Ori Gersht\" width=\"840\" height=\"473\" \/><figcaption class=\"wp-caption-text\">Time After Time:<br \/>\nBlow Up \u2013 Ori Gersht<\/figcaption><\/figure>\n<figure id=\"attachment_431\" class=\"wp-caption aligncenter\"><img loading=\"lazy\" decoding=\"async\" class=\"size-large wp-image-431\" src=\"http:\/\/mycours.es\/gamedesign2016\/files\/2016\/09\/Ori-Gersht-2-1024x625.jpg\" alt=\"Time After Time: Blow Up - Ori Gersht\" width=\"840\" height=\"513\" \/><figcaption class=\"wp-caption-text\">Time After Time:<br \/>\nBlow Up \u2013 Ori Gersht<\/figcaption><\/figure>\n<figure id=\"attachment_432\" class=\"wp-caption aligncenter\"><img loading=\"lazy\" decoding=\"async\" class=\"size-full wp-image-432\" src=\"http:\/\/mycours.es\/gamedesign2016\/files\/2016\/09\/Takeshi-Murata-Golden-Banana-2011.jpg\" alt=\"Takeshi Murata Golden Banana, 2011\" width=\"760\" height=\"551\" \/><figcaption class=\"wp-caption-text\">Takeshi Murata Golden Banana, 2011<\/figcaption><\/figure>\n<figure id=\"attachment_433\" class=\"wp-caption aligncenter\"><img loading=\"lazy\" decoding=\"async\" class=\"size-full wp-image-433\" src=\"http:\/\/mycours.es\/gamedesign2016\/files\/2016\/09\/Takeshi-Murata-Art-and-The-Future-2011.jpg\" alt=\"Takeshi Murata Art and The Future, 2011\" width=\"760\" height=\"494\" \/><figcaption class=\"wp-caption-text\">Takeshi Murata Art and The Future, 2011<\/figcaption><\/figure>\n<h2>Things Made out of Things<\/h2>\n<p>Some art references from an assignment in my intermediate, real time studio class<\/p>\n<figure id=\"attachment_104\" aria-describedby=\"caption-attachment-104\" style=\"width: 1600px\" class=\"wp-caption aligncenter\"><a href=\"http:\/\/mycours.es\/realtime3D\/files\/2022\/09\/171218_GrantAston-Consonance_0057.jpg\"><img loading=\"lazy\" decoding=\"async\" class=\"size-full wp-image-104\" src=\"http:\/\/mycours.es\/realtime3D\/files\/2022\/09\/171218_GrantAston-Consonance_0057.jpg\" alt=\"\" width=\"1600\" height=\"1200\" \/><\/a><figcaption id=\"caption-attachment-104\" class=\"wp-caption-text\">Consonance by Grant Aston<\/figcaption><\/figure>\n<figure id=\"attachment_77\" aria-describedby=\"caption-attachment-77\" style=\"width: 1200px\" class=\"wp-caption aligncenter\"><a href=\"http:\/\/mycours.es\/realtime3D\/files\/2022\/08\/ai_weiwei_bikes.jpg\"><img loading=\"lazy\" decoding=\"async\" class=\"wp-image-77 size-full\" src=\"http:\/\/mycours.es\/realtime3D\/files\/2022\/08\/ai_weiwei_bikes.jpg\" alt=\"\" width=\"1200\" height=\"800\" \/><\/a><figcaption id=\"caption-attachment-77\" class=\"wp-caption-text\">Re: On 2013-08-21, at 1:07 PM, Teplitsky, Ariel wrote: Highlights from Scotiabank Nuit Blanche 2013: Plastic Bags, 2013 Pascale Marthine Tayou Forever Bicycles, 2013 Ai Weiwei Garden Tower in Toronto, 2013 Tadashi Kawamata<\/figcaption><\/figure>\n<p>Forever Bicycles \u2013 Ai WeiWei<\/p>\n<figure id=\"attachment_97\" aria-describedby=\"caption-attachment-97\" style=\"width: 1500px\" class=\"wp-caption aligncenter\"><a href=\"http:\/\/mycours.es\/realtime3D\/files\/2022\/08\/Doris-Salcedo-Untitled-2003-1550-wooden-chairs-approx.-10.1-\u00d7-6.1-\u00d7-6.1-m-33-\u00d7-20-\u00d7-20-ft.-8th-International-Istanbul-Biennial-Istanbul-2003-3.jpg\"><img loading=\"lazy\" decoding=\"async\" class=\"size-full wp-image-97\" src=\"http:\/\/mycours.es\/realtime3D\/files\/2022\/08\/Doris-Salcedo-Untitled-2003-1550-wooden-chairs-approx.-10.1-\u00d7-6.1-\u00d7-6.1-m-33-\u00d7-20-\u00d7-20-ft.-8th-International-Istanbul-Biennial-Istanbul-2003-3.jpg\" alt=\"\" width=\"1500\" height=\"2400\" \/><\/a><figcaption id=\"caption-attachment-97\" class=\"wp-caption-text\">Doris Salcedo \u2013 Untitled<\/figcaption><\/figure>\n<figure id=\"attachment_85\" aria-describedby=\"caption-attachment-85\" style=\"width: 2000px\" class=\"wp-caption aligncenter\"><a href=\"http:\/\/mycours.es\/realtime3D\/files\/2022\/08\/MoMAPS1_111313_0451.png\"><img loading=\"lazy\" decoding=\"async\" class=\"size-full wp-image-85\" src=\"http:\/\/mycours.es\/realtime3D\/files\/2022\/08\/MoMAPS1_111313_0451.png\" alt=\"\" width=\"2000\" height=\"1333\" \/><\/a><figcaption id=\"caption-attachment-85\" class=\"wp-caption-text\">Mike Kelley<\/figcaption><\/figure>\n<figure id=\"attachment_106\" aria-describedby=\"caption-attachment-106\" style=\"width: 2047px\" class=\"wp-caption aligncenter\"><a href=\"http:\/\/mycours.es\/realtime3D\/files\/2022\/09\/DO2986-1-WC_preview.jpeg\"><img loading=\"lazy\" decoding=\"async\" class=\"size-full wp-image-106\" src=\"http:\/\/mycours.es\/realtime3D\/files\/2022\/09\/DO2986-1-WC_preview.jpeg\" alt=\"\" width=\"2047\" height=\"1536\" \/><\/a><figcaption id=\"caption-attachment-106\" class=\"wp-caption-text\">Controller of the Universe by Dami\u00e1n Ortega<\/figcaption><\/figure>\n<figure id=\"attachment_94\" class=\"wp-caption aligncenter\" aria-describedby=\"caption-attachment-94\">\n<figure id=\"attachment_94\" aria-describedby=\"caption-attachment-94\" style=\"width: 1023px\" class=\"wp-caption aligncenter\"><a href=\"http:\/\/mycours.es\/realtime3D\/files\/2022\/08\/13218923114_11749dfdc6_b.png\"><img loading=\"lazy\" decoding=\"async\" class=\"size-full wp-image-94\" src=\"http:\/\/mycours.es\/realtime3D\/files\/2022\/08\/13218923114_11749dfdc6_b.png\" alt=\"\" width=\"1023\" height=\"678\" \/><\/a><figcaption id=\"caption-attachment-94\" class=\"wp-caption-text\">Some\/One by Do Ho Suh<br \/>Based on a coat of traditional Asian armor, this sculpture is composed from thousands of polished military dog tags. As the title indicates, the work juxtaposes the collective-represented by the armored sculpture-and the individual-symbolized by the dog tags, each representing a single soldier.<\/figcaption><\/figure>\n<p><a href=\"http:\/\/mycours.es\/realtime3D\/files\/2022\/08\/maxresdefault.png\"><img loading=\"lazy\" decoding=\"async\" class=\"aligncenter size-full wp-image-95\" src=\"http:\/\/mycours.es\/realtime3D\/files\/2022\/08\/maxresdefault.png\" alt=\"\" width=\"1280\" height=\"720\" \/><\/a><figcaption id=\"caption-attachment-94\" class=\"wp-caption-text\"><\/figcaption><figure id=\"attachment_78\" aria-describedby=\"caption-attachment-78\" style=\"width: 2000px\" class=\"wp-caption aligncenter\"><a href=\"http:\/\/mycours.es\/realtime3D\/files\/2022\/08\/W1siZiIsIjIyNjAxMyJdLFsicCIsImNvbnZlcnQiLCItcXVhbGl0eSA5MCAtcmVzaXplIDIwMDB4MjAwMFx1MDAzZSJdXQ.jpg\"><img loading=\"lazy\" decoding=\"async\" class=\"size-full wp-image-78\" src=\"http:\/\/mycours.es\/realtime3D\/files\/2022\/08\/W1siZiIsIjIyNjAxMyJdLFsicCIsImNvbnZlcnQiLCItcXVhbGl0eSA5MCAtcmVzaXplIDIwMDB4MjAwMFx1MDAzZSJdXQ.jpg\" alt=\"\" width=\"2000\" height=\"1497\" \/><\/a><figcaption id=\"caption-attachment-78\" class=\"wp-caption-text\">\u201cUntitled\u201d (Portrait of Ross in L.A.) by Felix Gonzalez-Torres<br \/>*Gonz\u00e1lez-Torres&#8217; partner Ross Laycock was diagnosed with AIDS, and died of it the same year as &#8220;Untitled&#8221; (Portrait of Ross in L.A.)&#8217;s creation. pile of candies should ideally weigh 175 pounds (79 kg)\u2014Laycock&#8217;s body weight when healthy.[3] Viewers are encouraged to take a piece and the artwork&#8217;s owner are to decide if it will be replenished.<\/figcaption><\/figure><\/figure>\n<p><a href=\"http:\/\/mycours.es\/realtime3D\/files\/2022\/08\/Image-33.png\"><img loading=\"lazy\" decoding=\"async\" class=\"aligncenter size-full wp-image-86\" src=\"http:\/\/mycours.es\/realtime3D\/files\/2022\/08\/Image-33.png\" alt=\"\" width=\"1038\" height=\"713\" \/><\/a><\/p>\n<p><a href=\"http:\/\/mycours.es\/realtime3D\/files\/2022\/08\/Image-34.png\"><img loading=\"lazy\" decoding=\"async\" class=\"aligncenter size-full wp-image-87\" src=\"http:\/\/mycours.es\/realtime3D\/files\/2022\/08\/Image-34.png\" alt=\"\" width=\"496\" height=\"714\" \/><\/a><\/p>\n<p><a href=\"https:\/\/onartandaesthetics.com\/2021\/07\/11\/lynn-aldrich-magnificent-coral-reefs-made-of-sponges-gloves-scrubbers\/\">Lynn Aldrich<\/a><\/p>\n<p><img loading=\"lazy\" decoding=\"async\" class=\"alignnone wp-image-368 size-full\" src=\"http:\/\/mycours.es\/realtime3D\/files\/2023\/09\/Once-Upon_008-WEB.jpg\" alt=\"\" width=\"1067\" height=\"1600\" \/><\/p>\n<p>Jessica Stockholder, Once upon a time<\/p>\n<figure id=\"attachment_451\" aria-describedby=\"caption-attachment-451\" style=\"width: 680px\" class=\"wp-caption alignnone\"><img loading=\"lazy\" decoding=\"async\" class=\"wp-image-451 size-full\" src=\"http:\/\/mycours.es\/realtime3D\/files\/2023\/09\/Yee-soo-Kyung-Translated-Vase_Nine-Dragons-in-Wonderland.png\" alt=\"\" width=\"680\" height=\"848\" \/><figcaption id=\"caption-attachment-451\" class=\"wp-caption-text\">Yee soo Kyung Translated Vase_Nine Dragons in Wonderland<\/figcaption><\/figure>\n<figure id=\"attachment_452\" aria-describedby=\"caption-attachment-452\" style=\"width: 680px\" class=\"wp-caption alignnone\"><img loading=\"lazy\" decoding=\"async\" class=\"size-full wp-image-452\" src=\"http:\/\/mycours.es\/realtime3D\/files\/2023\/09\/Yee-soo-Kyung-Translated-Vase_Nine-Dragons-in-Wonderland-2.png\" alt=\"\" width=\"680\" height=\"642\" \/><figcaption id=\"caption-attachment-452\" class=\"wp-caption-text\">Yee soo Kyung Translated Vase_Nine Dragons in Wonderland<\/figcaption><\/figure>\n<p>&nbsp;<\/p>\n","protected":false},"excerpt":{"rendered":"<p>Thing made of things Artfully arrange a given selection of assets from the game Everything. Use these objects as building blocks to create an object that in the process renders the original objects secondary (but not necessarily unimportant). It doesn&#8217;t have to be realistic nor to follow the law of physics! Play with scale and &hellip; <a href=\"https:\/\/mycours.es\/digitalmedia\/assignment-virtual-sculpture\/\" class=\"more-link\">Continue reading<span class=\"screen-reader-text\"> &#8220;Assignment: Virtual Sculpture Warmup Exercise&#8221;<\/span><\/a><\/p>\n","protected":false},"author":1,"featured_media":0,"parent":0,"menu_order":3,"comment_status":"closed","ping_status":"closed","template":"","meta":{"footnotes":""},"class_list":["post-3644","page","type-page","status-publish","hentry"],"_links":{"self":[{"href":"https:\/\/mycours.es\/digitalmedia\/wp-json\/wp\/v2\/pages\/3644","targetHints":{"allow":["GET"]}}],"collection":[{"href":"https:\/\/mycours.es\/digitalmedia\/wp-json\/wp\/v2\/pages"}],"about":[{"href":"https:\/\/mycours.es\/digitalmedia\/wp-json\/wp\/v2\/types\/page"}],"author":[{"embeddable":true,"href":"https:\/\/mycours.es\/digitalmedia\/wp-json\/wp\/v2\/users\/1"}],"replies":[{"embeddable":true,"href":"https:\/\/mycours.es\/digitalmedia\/wp-json\/wp\/v2\/comments?post=3644"}],"version-history":[{"count":12,"href":"https:\/\/mycours.es\/digitalmedia\/wp-json\/wp\/v2\/pages\/3644\/revisions"}],"predecessor-version":[{"id":4093,"href":"https:\/\/mycours.es\/digitalmedia\/wp-json\/wp\/v2\/pages\/3644\/revisions\/4093"}],"wp:attachment":[{"href":"https:\/\/mycours.es\/digitalmedia\/wp-json\/wp\/v2\/media?parent=3644"}],"curies":[{"name":"wp","href":"https:\/\/api.w.org\/{rel}","templated":true}]}}